{"id":1884,"date":"2021-11-05T18:03:38","date_gmt":"2021-11-05T17:03:38","guid":{"rendered":"https:\/\/www.nirotech.sk\/ochrana-udajov\/"},"modified":"2024-03-28T15:54:42","modified_gmt":"2024-03-28T14:54:42","slug":"ochrana-udajov","status":"publish","type":"page","link":"https:\/\/www.nirotech.sk\/sk\/ochrana-udajov\/","title":{"rendered":"Ochrana \u00fadajov"},"content":{"rendered":"<section class=\"l-section wpb_row height_small\"><div class=\"l-section-h i-cf\"><div class=\"g-cols vc_row via_grid cols_1 laptops-cols_inherit tablets-cols_inherit mobiles-cols_1 valign_top type_default stacking_default\"><div class=\"wpb_column vc_column_container\"><div class=\"vc_column-inner\"><div class=\"w-separator size_small with_line width_default thick_3 style_solid color_border align_center\"><div class=\"w-separator-h\"><\/div><\/div><div class=\"wpb_text_column\"><div class=\"wpb_wrapper\"><p style=\"text-align: right;\"><span class=\"borlabs-cookie-open-dialog-preferences brlbs-cmpnt-container\" data-borlabs-cookie-title=\"Nastavenia s\u00faborov cookie\" data-borlabs-cookie-type=\"button\" ><\/span><\/p>\n<\/div><\/div><div class=\"w-separator size_small with_line width_default thick_3 style_solid color_border align_center\"><div class=\"w-separator-h\"><\/div><\/div>[vc_custom_heading text=&#8221;Ochrana \u00fadajov&#8221; font_container=&#8221;tag:h1|text_align:left&#8221; use_theme_fonts=&#8221;yes&#8221;]<\/div><\/div><\/div><\/div><\/section><section class=\"l-section wpb_row height_small\"><div class=\"l-section-h i-cf\"><div class=\"g-cols vc_row via_grid cols_1 laptops-cols_inherit tablets-cols_inherit mobiles-cols_1 valign_top type_default stacking_default\"><div class=\"wpb_column vc_column_container\"><div class=\"vc_column-inner\"><div class=\"wpb_text_column us_custom_d5fb7b3e\"><div class=\"wpb_wrapper\"><p>Stav: 05.04.2022<\/p>\n<p><b>NIROTECH s.r.o.<br \/>\n<\/b>Pod Kastiel&#8217;om 1376<br \/>\n95 135 Ve&#8217;lke Zaluzie<br \/>\nSlovensko<\/p>\n<p>Spolo\u010dnos\u0165 Nirotech, s. r. o., vyu\u017e\u00edva svoje webov\u00e9 str\u00e1nky na zabezpe\u010denie komunik\u00e1cie so svojimi z\u00e1kazn\u00edkmi. Prostredn\u00edctvom webovej str\u00e1nky poskytuje prev\u00e1dzkovate\u013e z\u00e1kladn\u00e9 inform\u00e1cie o svojej \u010dinnosti.<\/p>\n<\/div><\/div><div class=\"w-separator size_small with_line width_default thick_3 style_solid color_border align_center\"><div class=\"w-separator-h\"><\/div><\/div><div class=\"wpb_text_column us_custom_d5fb7b3e\"><div class=\"wpb_wrapper\"><h5>Cookies<\/h5>\n<p>Spolo\u010dnos\u0165 Nirotech, s. r. o., pou\u017e\u00edva na tejto webovej str\u00e1nke takzvan\u00e9 cookies. S\u00fa to mal\u00e9 textov\u00e9 inform\u00e1cie, ktor\u00e9 sa pomocou internetov\u00e9ho prehliada\u010da ukladaj\u00fa vo va\u0161om koncovom zariaden\u00ed. Cookies nesp\u00f4sobuj\u00fa \u017eiadnu \u0161kodu. S\u00fabory cookie n\u00e1m umo\u017e\u0148uj\u00fa zr\u00fdchli\u0165 navig\u00e1ciu na na\u0161ich webov\u00fdch str\u00e1nkach, prisp\u00f4sobi\u0165 ich va\u0161im potreb\u00e1m a z\u00e1ujmom a zabr\u00e1ni\u0165 zneu\u017eitiu slu\u017eieb. Len \u010do sa op\u00e4\u0165 pripoj\u00edte na na\u0161u webov\u00fa str\u00e1nku, n\u00e1\u0161 server m\u00f4\u017ee takto identifikova\u0165 va\u0161e koncov\u00e9 zariadenie, aby ste sa nemuseli napr\u00edklad pri ka\u017edej n\u00e1v\u0161teve na\u0161ej webovej str\u00e1nky znovu prihlasova\u0165.<\/p>\n<p>Prev\u00e1dzkovate\u013e webovej str\u00e1nky pou\u017e\u00edva takzvan\u00e9 s\u00fabory session-cookies, ktor\u00e9 sa po zatvoren\u00ed webov\u00e9ho prehliada\u010da vyma\u017e\u00fa, preto\u017ee obsahuj\u00fa len inform\u00e1cie, ktor\u00e9 boli potrebn\u00e9 na jednu n\u00e1v\u0161tevu webovej str\u00e1nky. Okrem s\u00faborov session-cookies pou\u017e\u00edvame aj takzvan\u00e9 trval\u00e9 s\u00fabory cookies. Ktor\u00e9 umo\u017e\u0148uj\u00fa v r\u00e1mci slu\u017eby udr\u017eiava\u0165 a pon\u00faka\u0165 v\u00e1m va\u0161e osobn\u00e9 nastavenia alebo reklamy po\u010das dlh\u0161ieho obdobia (v z\u00e1vislosti od danej slu\u017eby). Trval\u00e9 s\u00fabory cookie sa automaticky vyma\u017e\u00fa po uplynut\u00ed vopred stanoven\u00e9ho \u010dasu, ktor\u00fd sa m\u00f4\u017ee l\u00ed\u0161i\u0165 v z\u00e1vislosti od s\u00faboru cookie. S\u00fabory cookie m\u00f4\u017eete kedyko\u013evek vymaza\u0165 v bezpe\u010dnostn\u00fdch nastaveniach prehliada\u010da.<\/p>\n<p>Nastavenia prehliada\u010da m\u00f4\u017eete nakonfigurova\u0165 pod\u013ea svojich \u017eelan\u00ed a tie\u017e odmietnu\u0165 prij\u00edmanie s\u00faborov cookie. Radi by sme v\u00e1s v\u0161ak upozornili, \u017ee v takom pr\u00edpade nebudete m\u00f4c\u0165 vyu\u017e\u00edva\u0165 v\u0161etky funkcie webovej str\u00e1nky.<\/p>\n<p>Na\u0161\u00edm z\u00e1ujmom v s\u00favislosti s t\u00fdmito s\u00fabormi cookie v zmysle \u010dl.6 ods. 1 p\u00edsm. f V\u0161eobecn\u00e9ho nariadenia o ochrane osobn\u00fdch \u00fadajov je opr\u00e1vnen\u00fd z\u00e1ujem z na\u0161ej strany na zlep\u0161en\u00ed na\u0161ej ponuky a na\u0161ej celkovej webovej prezent\u00e1cie.<\/p>\n<p>Na na\u0161ich webov\u00fdch str\u00e1nkach pou\u017e\u00edvame n\u00e1stroje na sledovanie spr\u00e1vania pou\u017e\u00edvate\u013eov na na\u0161ich webov\u00fdch str\u00e1nkach, aby sme lep\u0161ie pochopili a \u010falej rozv\u00edjali na\u0161e ponuky s oh\u013eadom na z\u00e1kazn\u00edka.<\/p>\n<p>Na tento \u00fa\u010del sme na v\u0161etky na\u0161e webov\u00e9 str\u00e1nky nain\u0161talovali takzvan\u00fd \u201ecookie plugin&#8221;, pomocou ktor\u00e9ho n\u00e1m m\u00f4\u017eete udeli\u0165 s\u00fahlas (\u010dl. 6 ods. 1 p\u00edsm. a V\u0161eobecn\u00e9ho nariadenia o ochrane osobn\u00fdch \u00fadajov) alebo ho, samozrejme, odmietnu\u0165. Toto rozhodnutie m\u00f4\u017eete kedyko\u013evek zmeni\u0165 kliknut\u00edm na s\u00fahlas so s\u00fabormi cookie (v okne prehliada\u010da v\u013eavo dole).<\/p>\n<\/div><\/div><div class=\"w-separator size_small with_line width_default thick_3 style_solid color_border align_center\"><div class=\"w-separator-h\"><\/div><\/div><div class=\"wpb_text_column us_custom_d5fb7b3e\"><div class=\"wpb_wrapper\"><h5>Google Analytics a Google Search Console<\/h5>\n<p>T\u00e1to webov\u00e1 lokalita pou\u017e\u00edva slu\u017ebu Google Analytics a slu\u017ebu Google Search Console. Prostredn\u00edctvom t\u00fdchto slu\u017eieb nezhroma\u017e\u010fujeme va\u0161e osobn\u00e9 \u00fadaje. Tieto slu\u017eby pou\u017e\u00edvame na anal\u00fdzu n\u00e1v\u0161tevnosti tejto webovej lokality. Tieto slu\u017eby poskytuje spolo\u010dnos\u0165 Google Inc. (&#8220;Google&#8221;). Slu\u017eba Google Analytics pou\u017e\u00edva aj s\u00fabory cookie, \u010do s\u00fa textov\u00e9 s\u00fabory umiestnen\u00e9 vo va\u0161om po\u010d\u00edta\u010di, ktor\u00e9 pom\u00e1haj\u00fa webovej str\u00e1nke analyzova\u0165, ako pou\u017e\u00edvatelia pou\u017e\u00edvaj\u00fa t\u00fato str\u00e1nku. Inform\u00e1cie o va\u0161om pou\u017e\u00edvan\u00ed na\u0161ej webovej lokality, ktor\u00e9 generuje s\u00fabor cookie, sa zvy\u010dajne pren\u00e1\u0161aj\u00fa na server spolo\u010dnosti Google v USA a tam sa ukladaj\u00fa. ktiv\u00e1ciou anonymiz\u00e1cie IP v\u0161ak spolo\u010dnos\u0165 Google va\u0161u IP adresu v \u010dlensk\u00fdch \u0161t\u00e1toch Eur\u00f3pskej \u00fanie alebo v in\u00fdch zmluvn\u00fdch \u0161t\u00e1toch Dohody o Eur\u00f3pskom hospod\u00e1rskom priestore vopred skr\u00e1ti. Len vo v\u00fdnimo\u010dn\u00fdch pr\u00edpadoch sa cel\u00e1 IP adresa prenesie na server spolo\u010dnosti Google v USA a tam sa skr\u00e1ti.<\/p>\n<p>Spolo\u010dnos\u0165 Google bude v na\u0161om mene pou\u017e\u00edva\u0165 tieto inform\u00e1cie na vyhodnocovanie v\u00e1\u0161ho pou\u017e\u00edvania na\u0161ich webov\u00fdch lokal\u00edt, zostavovanie spr\u00e1v o aktivit\u00e1ch na webov\u00fdch lokalit\u00e1ch a poskytovanie \u010fal\u0161\u00edch slu\u017eieb t\u00fdkaj\u00facich sa aktiv\u00edt na webov\u00fdch lokalit\u00e1ch a pou\u017e\u00edvania internetu. IP adresa odoslan\u00e1 va\u0161\u00edm prehliada\u010dom v r\u00e1mci slu\u017eby Google Analytics sa nezlu\u010duje s in\u00fdmi \u00fadajmi spolo\u010dnosti Google.<\/p>\n<p>Zhroma\u017e\u010fovaniu \u00fadajov generovan\u00fdch s\u00faborom cookie a s\u00favisiacich s va\u0161\u00edm pou\u017e\u00edvan\u00edm na\u0161ej webovej lokality (vr\u00e1tane va\u0161ej IP adresy) spolo\u010dnosti Google a spracovaniu t\u00fdchto \u00fadajov spolo\u010dnos\u0165ou Google m\u00f4\u017eete zabr\u00e1ni\u0165 aj stiahnut\u00edm a in\u0161tal\u00e1ciou doplnku prehliada\u010da, ktor\u00fd je k dispoz\u00edcii pod t\u00fdmto odkazom na deaktiv\u00e1ciu: <a href=\"https:\/\/tools.google.com\/dlpage\/gaoptout?hl=de\">https:\/\/tools.google.com\/dlpage\/gaoptout?hl=de<\/a><\/p>\n<p>So spolo\u010dnos\u0165ou Google sme uzavreli aj pr\u00edslu\u0161n\u00fa zmluvu o spracovan\u00ed \u00fadajov na objedn\u00e1vku. Viac inform\u00e1ci\u00ed o dodr\u017eiavan\u00ed ochrany osobn\u00fdch \u00fadajov v slu\u017ebe Google Analytics n\u00e1jdete tu: <a href=\"https:\/\/www.google.com\/intl\/de\/analytics\/privacyoverview.html\">https:\/\/www.google.com\/intl\/de\/analytics\/privacyoverview.html<\/a><\/p>\n<\/div><\/div><div class=\"w-separator size_small with_line width_default thick_3 style_solid color_border align_center\"><div class=\"w-separator-h\"><\/div><\/div><div class=\"wpb_text_column us_custom_d5fb7b3e\"><div class=\"wpb_wrapper\"><h5>Technick\u00e9 opatrenia na zabezpe\u010denie \u00fadajov<\/h5>\n<p>Va\u0161e \u00fadaje chr\u00e1nime po\u010das prenosu medzi va\u0161\u00edm prehliada\u010dom a na\u0161ou webovou str\u00e1nkou pomocou certifik\u00e1tu SSL.<\/p>\n<\/div><\/div><div class=\"w-separator size_small with_line width_default thick_3 style_solid color_border align_center\"><div class=\"w-separator-h\"><\/div><\/div><div class=\"wpb_text_column us_custom_d5fb7b3e\"><div class=\"wpb_wrapper\"><h5>M\u00e1te pr\u00e1vo poda\u0165 s\u0165a\u017enos\u0165 dozorn\u00e9mu org\u00e1nu<\/h5>\n<p>Ak sa domnievate, \u017ee spracovanie va\u0161ich \u00fadajov poru\u0161uje z\u00e1kon o ochrane \u00fadajov alebo \u017ee va\u0161e pr\u00e1va na ochranu \u00fadajov boli inak poru\u0161en\u00e9, formou s\u0165a\u017enosti na to m\u00f4\u017eete upozorni\u0165 dozorn\u00fd org\u00e1n.<\/p>\n<p>Kontaktn\u00e1 adresa dozorn\u00e9ho org\u00e1nu:<br \/>\n\u00darad na ochranu osobn\u00fdch \u00fadajov Slovenskej republiky<br \/>\nHrani\u010dn\u00e1 12<br \/>\n820 07 Bratislava 27<br \/>\n<a href=\"http:\/\/www.dataprotection.gov.sk\/\" target=\"new\" rel=\"noopener\">www.dataprotection.gov.sk<\/a><br \/>\n+421 2 3231 3220<\/p>\n<\/div><\/div><div class=\"w-separator size_small with_line width_default thick_3 style_solid color_border align_center\"><div class=\"w-separator-h\"><\/div><\/div><div class=\"wpb_text_column us_custom_d5fb7b3e\"><div class=\"wpb_wrapper\"><h5>Uplat\u0148ovanie va\u0161ich pr\u00e1v v s\u00favislosti s ochranou \u00fadajov<\/h5>\n<p>M\u00f4\u017eete sa na n\u00e1s kedyko\u013evek obr\u00e1ti\u0165, ak m\u00e1te ot\u00e1zky t\u00fdkaj\u00face sa na\u0161ich opatren\u00ed na ochranu \u00fadajov alebo si \u017eel\u00e1te, aby bol v\u00e1\u0161 profil a v\u0161etky \u00fadaje, ktor\u00e9 sa o v\u00e1s ulo\u017eili, vymazan\u00e9 alebo opraven\u00e9. M\u00e1te tie\u017e pr\u00e1vo na bezplatn\u00e9 inform\u00e1cie o va\u0161ich ulo\u017een\u00fdch \u00fadajoch a aj pr\u00e1vo na obmedzenie, prenos va\u0161ich \u00fadajov a na ich odvolanie alebo namietanie.<\/p>\n<p>Ak m\u00e1te ak\u00e9ko\u013evek ot\u00e1zky t\u00fdkaj\u00face sa ochrany \u00fadajov, nev\u00e1hajte n\u00e1s kontaktova\u0165. Sta\u010d\u00ed n\u00e1m posla\u0165 e-mail na adresu <a href=\"mailto:office@nirotech.sk\">office@nirotech.sk<\/a> alebo nap\u00edsa\u0165 na adresu NIROTECH s.r.o., Pod Ka\u0161tie\u013eom 1376, 95 135 Ve\u013ek\u00e9 Z\u00e1lu\u017eie, Slovensko.<\/p>\n<p>Ke\u010f\u017ee st\u00e1le vyv\u00edjame svoje slu\u017eby a zav\u00e1dzame nov\u00e9 technol\u00f3gie, spolo\u010dnos\u0165 Nirotech, s. r. o., si vyhradzuje pr\u00e1vo priebe\u017ene aktualizova\u0165 tieto z\u00e1sady ochrany osobn\u00fdch \u00fadajov. Preto v\u00e1m odpor\u00fa\u010dame, aby ste sa k nim z \u010dasu na \u010das vr\u00e1tili a pre\u010d\u00edtali si ich v \u010dasti Z\u00e1sady ochrany osobn\u00fdch \u00fadajov.<\/p>\n<\/div><\/div><\/div><\/div><\/div><\/div><\/section>\n","protected":false},"excerpt":{"rendered":"[vc_custom_heading text=\"Ochrana \u00fadajov\" font_container=\"tag:h1|text_align:left\" use_theme_fonts=\"yes\"]Stav: 05.04.2022 NIROTECH s.r.o. Pod Kastiel&#8217;om 1376 95 135 Ve&#8217;lke Zaluzie Slovensko Spolo\u010dnos\u0165 Nirotech, s. r. o., vyu\u017e\u00edva svoje webov\u00e9 str\u00e1nky na zabezpe\u010denie komunik\u00e1cie so svojimi z\u00e1kazn\u00edkmi. Prostredn\u00edctvom webovej str\u00e1nky poskytuje prev\u00e1dzkovate\u013e z\u00e1kladn\u00e9 inform\u00e1cie o svojej \u010dinnosti. Cookies Spolo\u010dnos\u0165 Nirotech, s. r. o., pou\u017e\u00edva na tejto webovej str\u00e1nke takzvan\u00e9 cookies. S\u00fa...","protected":false},"author":4,"featured_media":0,"parent":0,"menu_order":0,"comment_status":"closed","ping_status":"closed","template":"","meta":{"_acf_changed":false,"footnotes":""},"class_list":["post-1884","page","type-page","status-publish","hentry"],"acf":[],"yoast_head":"<!-- This site is optimized with the Yoast SEO plugin v27.3 - https:\/\/yoast.com\/product\/yoast-seo-wordpress\/ -->\n<title>Ochrana \u00fadajov - Nirotech s.r.o.<\/title>\n<meta name=\"robots\" content=\"index, follow, max-snippet:-1, max-image-preview:large, max-video-preview:-1\" \/>\n<link rel=\"canonical\" href=\"https:\/\/www.nirotech.sk\/sk\/ochrana-udajov\/\" \/>\n<meta property=\"og:locale\" content=\"sk_SK\" \/>\n<meta property=\"og:type\" content=\"article\" \/>\n<meta property=\"og:title\" content=\"Ochrana \u00fadajov - Nirotech s.r.o.\" \/>\n<meta property=\"og:url\" content=\"https:\/\/www.nirotech.sk\/sk\/ochrana-udajov\/\" \/>\n<meta property=\"og:site_name\" content=\"Nirotech s.r.o.\" \/>\n<meta property=\"article:modified_time\" content=\"2024-03-28T14:54:42+00:00\" \/>\n<meta name=\"twitter:card\" content=\"summary_large_image\" \/>\n<meta name=\"twitter:label1\" content=\"Predpokladan\u00fd \u010das \u010d\u00edtania\" \/>\n\t<meta name=\"twitter:data1\" content=\"7 min\u00fat\" \/>\n<script type=\"application\/ld+json\" class=\"yoast-schema-graph\">{\"@context\":\"https:\\\/\\\/schema.org\",\"@graph\":[{\"@type\":\"WebPage\",\"@id\":\"https:\\\/\\\/www.nirotech.sk\\\/sk\\\/ochrana-udajov\\\/\",\"url\":\"https:\\\/\\\/www.nirotech.sk\\\/sk\\\/ochrana-udajov\\\/\",\"name\":\"Ochrana \u00fadajov - Nirotech s.r.o.\",\"isPartOf\":{\"@id\":\"https:\\\/\\\/www.nirotech.sk\\\/sk\\\/#website\"},\"datePublished\":\"2021-11-05T17:03:38+00:00\",\"dateModified\":\"2024-03-28T14:54:42+00:00\",\"breadcrumb\":{\"@id\":\"https:\\\/\\\/www.nirotech.sk\\\/sk\\\/ochrana-udajov\\\/#breadcrumb\"},\"inLanguage\":\"sk-SK\",\"potentialAction\":[{\"@type\":\"ReadAction\",\"target\":[\"https:\\\/\\\/www.nirotech.sk\\\/sk\\\/ochrana-udajov\\\/\"]}]},{\"@type\":\"BreadcrumbList\",\"@id\":\"https:\\\/\\\/www.nirotech.sk\\\/sk\\\/ochrana-udajov\\\/#breadcrumb\",\"itemListElement\":[{\"@type\":\"ListItem\",\"position\":1,\"name\":\"Startseite\",\"item\":\"https:\\\/\\\/www.nirotech.sk\\\/sk\\\/domov\\\/\"},{\"@type\":\"ListItem\",\"position\":2,\"name\":\"Ochrana \u00fadajov\"}]},{\"@type\":\"WebSite\",\"@id\":\"https:\\\/\\\/www.nirotech.sk\\\/sk\\\/#website\",\"url\":\"https:\\\/\\\/www.nirotech.sk\\\/sk\\\/\",\"name\":\"Nirotech s.r.o.\",\"description\":\"Stainless Steel Manufacturing\",\"publisher\":{\"@id\":\"https:\\\/\\\/www.nirotech.sk\\\/sk\\\/#organization\"},\"potentialAction\":[{\"@type\":\"SearchAction\",\"target\":{\"@type\":\"EntryPoint\",\"urlTemplate\":\"https:\\\/\\\/www.nirotech.sk\\\/sk\\\/?s={search_term_string}\"},\"query-input\":{\"@type\":\"PropertyValueSpecification\",\"valueRequired\":true,\"valueName\":\"search_term_string\"}}],\"inLanguage\":\"sk-SK\"},{\"@type\":\"Organization\",\"@id\":\"https:\\\/\\\/www.nirotech.sk\\\/sk\\\/#organization\",\"name\":\"Nirotech s.r.o.\",\"url\":\"https:\\\/\\\/www.nirotech.sk\\\/sk\\\/\",\"logo\":{\"@type\":\"ImageObject\",\"inLanguage\":\"sk-SK\",\"@id\":\"https:\\\/\\\/www.nirotech.sk\\\/sk\\\/#\\\/schema\\\/logo\\\/image\\\/\",\"url\":\"https:\\\/\\\/www.nirotech.sk\\\/wp-content\\\/uploads\\\/2025\\\/10\\\/NRT_Logo_Claim_SafeSpace_RGB-1-scaled.jpg\",\"contentUrl\":\"https:\\\/\\\/www.nirotech.sk\\\/wp-content\\\/uploads\\\/2025\\\/10\\\/NRT_Logo_Claim_SafeSpace_RGB-1-scaled.jpg\",\"width\":2560,\"height\":772,\"caption\":\"Nirotech s.r.o.\"},\"image\":{\"@id\":\"https:\\\/\\\/www.nirotech.sk\\\/sk\\\/#\\\/schema\\\/logo\\\/image\\\/\"}}]}<\/script>\n<!-- \/ Yoast SEO plugin. -->","yoast_head_json":{"title":"Ochrana \u00fadajov - Nirotech s.r.o.","robots":{"index":"index","follow":"follow","max-snippet":"max-snippet:-1","max-image-preview":"max-image-preview:large","max-video-preview":"max-video-preview:-1"},"canonical":"https:\/\/www.nirotech.sk\/sk\/ochrana-udajov\/","og_locale":"sk_SK","og_type":"article","og_title":"Ochrana \u00fadajov - Nirotech s.r.o.","og_url":"https:\/\/www.nirotech.sk\/sk\/ochrana-udajov\/","og_site_name":"Nirotech s.r.o.","article_modified_time":"2024-03-28T14:54:42+00:00","twitter_card":"summary_large_image","twitter_misc":{"Predpokladan\u00fd \u010das \u010d\u00edtania":"7 min\u00fat"},"schema":{"@context":"https:\/\/schema.org","@graph":[{"@type":"WebPage","@id":"https:\/\/www.nirotech.sk\/sk\/ochrana-udajov\/","url":"https:\/\/www.nirotech.sk\/sk\/ochrana-udajov\/","name":"Ochrana \u00fadajov - Nirotech s.r.o.","isPartOf":{"@id":"https:\/\/www.nirotech.sk\/sk\/#website"},"datePublished":"2021-11-05T17:03:38+00:00","dateModified":"2024-03-28T14:54:42+00:00","breadcrumb":{"@id":"https:\/\/www.nirotech.sk\/sk\/ochrana-udajov\/#breadcrumb"},"inLanguage":"sk-SK","potentialAction":[{"@type":"ReadAction","target":["https:\/\/www.nirotech.sk\/sk\/ochrana-udajov\/"]}]},{"@type":"BreadcrumbList","@id":"https:\/\/www.nirotech.sk\/sk\/ochrana-udajov\/#breadcrumb","itemListElement":[{"@type":"ListItem","position":1,"name":"Startseite","item":"https:\/\/www.nirotech.sk\/sk\/domov\/"},{"@type":"ListItem","position":2,"name":"Ochrana \u00fadajov"}]},{"@type":"WebSite","@id":"https:\/\/www.nirotech.sk\/sk\/#website","url":"https:\/\/www.nirotech.sk\/sk\/","name":"Nirotech s.r.o.","description":"Stainless Steel Manufacturing","publisher":{"@id":"https:\/\/www.nirotech.sk\/sk\/#organization"},"potentialAction":[{"@type":"SearchAction","target":{"@type":"EntryPoint","urlTemplate":"https:\/\/www.nirotech.sk\/sk\/?s={search_term_string}"},"query-input":{"@type":"PropertyValueSpecification","valueRequired":true,"valueName":"search_term_string"}}],"inLanguage":"sk-SK"},{"@type":"Organization","@id":"https:\/\/www.nirotech.sk\/sk\/#organization","name":"Nirotech s.r.o.","url":"https:\/\/www.nirotech.sk\/sk\/","logo":{"@type":"ImageObject","inLanguage":"sk-SK","@id":"https:\/\/www.nirotech.sk\/sk\/#\/schema\/logo\/image\/","url":"https:\/\/www.nirotech.sk\/wp-content\/uploads\/2025\/10\/NRT_Logo_Claim_SafeSpace_RGB-1-scaled.jpg","contentUrl":"https:\/\/www.nirotech.sk\/wp-content\/uploads\/2025\/10\/NRT_Logo_Claim_SafeSpace_RGB-1-scaled.jpg","width":2560,"height":772,"caption":"Nirotech s.r.o."},"image":{"@id":"https:\/\/www.nirotech.sk\/sk\/#\/schema\/logo\/image\/"}}]}},"_links":{"self":[{"href":"https:\/\/www.nirotech.sk\/sk\/wp-json\/wp\/v2\/pages\/1884","targetHints":{"allow":["GET"]}}],"collection":[{"href":"https:\/\/www.nirotech.sk\/sk\/wp-json\/wp\/v2\/pages"}],"about":[{"href":"https:\/\/www.nirotech.sk\/sk\/wp-json\/wp\/v2\/types\/page"}],"author":[{"embeddable":true,"href":"https:\/\/www.nirotech.sk\/sk\/wp-json\/wp\/v2\/users\/4"}],"replies":[{"embeddable":true,"href":"https:\/\/www.nirotech.sk\/sk\/wp-json\/wp\/v2\/comments?post=1884"}],"version-history":[{"count":33,"href":"https:\/\/www.nirotech.sk\/sk\/wp-json\/wp\/v2\/pages\/1884\/revisions"}],"predecessor-version":[{"id":5245,"href":"https:\/\/www.nirotech.sk\/sk\/wp-json\/wp\/v2\/pages\/1884\/revisions\/5245"}],"wp:attachment":[{"href":"https:\/\/www.nirotech.sk\/sk\/wp-json\/wp\/v2\/media?parent=1884"}],"curies":[{"name":"wp","href":"https:\/\/api.w.org\/{rel}","templated":true}]}}