{"id":1868,"date":"2021-11-05T18:02:37","date_gmt":"2021-11-05T17:02:37","guid":{"rendered":"https:\/\/www.nirotech.sk\/agb\/"},"modified":"2024-03-11T13:31:35","modified_gmt":"2024-03-11T12:31:35","slug":"agb","status":"publish","type":"page","link":"https:\/\/www.nirotech.sk\/sk\/agb\/","title":{"rendered":"AGB"},"content":{"rendered":"","protected":false},"excerpt":{"rendered":"","protected":false},"author":4,"featured_media":0,"parent":0,"menu_order":0,"comment_status":"closed","ping_status":"closed","template":"","meta":{"_acf_changed":false,"footnotes":""},"class_list":["post-1868","page","type-page","status-publish","hentry"],"acf":[],"yoast_head":"<!-- This site is optimized with the Yoast SEO plugin v27.3 - https:\/\/yoast.com\/product\/yoast-seo-wordpress\/ -->\n<title>Nirotech s.r.o. - AGB<\/title>\n<meta name=\"description\" content=\"Tieto v\u0161eobecn\u00e9 obchodn\u00e9 podmienky sa vz\u0165ahuj\u00fa v\u00fdlu\u010dne na obchodn\u00e9 vz\u0165ahy medzi spolo\u010dnos\u0165ami a z\u00e1kazn\u00edkmi.\" \/>\n<meta name=\"robots\" content=\"index, follow, max-snippet:-1, max-image-preview:large, max-video-preview:-1\" \/>\n<link rel=\"canonical\" href=\"https:\/\/www.nirotech.sk\/sk\/agb\/\" \/>\n<meta property=\"og:locale\" content=\"sk_SK\" \/>\n<meta property=\"og:type\" content=\"article\" \/>\n<meta property=\"og:title\" content=\"Nirotech s.r.o. - AGB\" \/>\n<meta property=\"og:description\" content=\"Tieto v\u0161eobecn\u00e9 obchodn\u00e9 podmienky sa vz\u0165ahuj\u00fa v\u00fdlu\u010dne na obchodn\u00e9 vz\u0165ahy medzi spolo\u010dnos\u0165ami a z\u00e1kazn\u00edkmi.\" \/>\n<meta property=\"og:url\" content=\"https:\/\/www.nirotech.sk\/sk\/agb\/\" \/>\n<meta property=\"og:site_name\" content=\"Nirotech s.r.o.\" \/>\n<meta property=\"article:modified_time\" content=\"2024-03-11T12:31:35+00:00\" \/>\n<meta name=\"twitter:card\" content=\"summary_large_image\" \/>\n<script type=\"application\/ld+json\" class=\"yoast-schema-graph\">{\"@context\":\"https:\\\/\\\/schema.org\",\"@graph\":[{\"@type\":\"WebPage\",\"@id\":\"https:\\\/\\\/www.nirotech.sk\\\/sk\\\/agb\\\/\",\"url\":\"https:\\\/\\\/www.nirotech.sk\\\/sk\\\/agb\\\/\",\"name\":\"Nirotech s.r.o. - AGB\",\"isPartOf\":{\"@id\":\"https:\\\/\\\/www.nirotech.sk\\\/sk\\\/#website\"},\"datePublished\":\"2021-11-05T17:02:37+00:00\",\"dateModified\":\"2024-03-11T12:31:35+00:00\",\"description\":\"Tieto v\u0161eobecn\u00e9 obchodn\u00e9 podmienky sa vz\u0165ahuj\u00fa v\u00fdlu\u010dne na obchodn\u00e9 vz\u0165ahy medzi spolo\u010dnos\u0165ami a z\u00e1kazn\u00edkmi.\",\"breadcrumb\":{\"@id\":\"https:\\\/\\\/www.nirotech.sk\\\/sk\\\/agb\\\/#breadcrumb\"},\"inLanguage\":\"sk-SK\",\"potentialAction\":[{\"@type\":\"ReadAction\",\"target\":[\"https:\\\/\\\/www.nirotech.sk\\\/sk\\\/agb\\\/\"]}]},{\"@type\":\"BreadcrumbList\",\"@id\":\"https:\\\/\\\/www.nirotech.sk\\\/sk\\\/agb\\\/#breadcrumb\",\"itemListElement\":[{\"@type\":\"ListItem\",\"position\":1,\"name\":\"Startseite\",\"item\":\"https:\\\/\\\/www.nirotech.sk\\\/sk\\\/domov\\\/\"},{\"@type\":\"ListItem\",\"position\":2,\"name\":\"AGB\"}]},{\"@type\":\"WebSite\",\"@id\":\"https:\\\/\\\/www.nirotech.sk\\\/sk\\\/#website\",\"url\":\"https:\\\/\\\/www.nirotech.sk\\\/sk\\\/\",\"name\":\"Nirotech s.r.o.\",\"description\":\"Stainless Steel Manufacturing\",\"publisher\":{\"@id\":\"https:\\\/\\\/www.nirotech.sk\\\/sk\\\/#organization\"},\"potentialAction\":[{\"@type\":\"SearchAction\",\"target\":{\"@type\":\"EntryPoint\",\"urlTemplate\":\"https:\\\/\\\/www.nirotech.sk\\\/sk\\\/?s={search_term_string}\"},\"query-input\":{\"@type\":\"PropertyValueSpecification\",\"valueRequired\":true,\"valueName\":\"search_term_string\"}}],\"inLanguage\":\"sk-SK\"},{\"@type\":\"Organization\",\"@id\":\"https:\\\/\\\/www.nirotech.sk\\\/sk\\\/#organization\",\"name\":\"Nirotech s.r.o.\",\"url\":\"https:\\\/\\\/www.nirotech.sk\\\/sk\\\/\",\"logo\":{\"@type\":\"ImageObject\",\"inLanguage\":\"sk-SK\",\"@id\":\"https:\\\/\\\/www.nirotech.sk\\\/sk\\\/#\\\/schema\\\/logo\\\/image\\\/\",\"url\":\"https:\\\/\\\/www.nirotech.sk\\\/wp-content\\\/uploads\\\/2025\\\/10\\\/NRT_Logo_Claim_SafeSpace_RGB-1-scaled.jpg\",\"contentUrl\":\"https:\\\/\\\/www.nirotech.sk\\\/wp-content\\\/uploads\\\/2025\\\/10\\\/NRT_Logo_Claim_SafeSpace_RGB-1-scaled.jpg\",\"width\":2560,\"height\":772,\"caption\":\"Nirotech s.r.o.\"},\"image\":{\"@id\":\"https:\\\/\\\/www.nirotech.sk\\\/sk\\\/#\\\/schema\\\/logo\\\/image\\\/\"}}]}<\/script>\n<!-- \/ Yoast SEO plugin. -->","yoast_head_json":{"title":"Nirotech s.r.o. - AGB","description":"Tieto v\u0161eobecn\u00e9 obchodn\u00e9 podmienky sa vz\u0165ahuj\u00fa v\u00fdlu\u010dne na obchodn\u00e9 vz\u0165ahy medzi spolo\u010dnos\u0165ami a z\u00e1kazn\u00edkmi.","robots":{"index":"index","follow":"follow","max-snippet":"max-snippet:-1","max-image-preview":"max-image-preview:large","max-video-preview":"max-video-preview:-1"},"canonical":"https:\/\/www.nirotech.sk\/sk\/agb\/","og_locale":"sk_SK","og_type":"article","og_title":"Nirotech s.r.o. - AGB","og_description":"Tieto v\u0161eobecn\u00e9 obchodn\u00e9 podmienky sa vz\u0165ahuj\u00fa v\u00fdlu\u010dne na obchodn\u00e9 vz\u0165ahy medzi spolo\u010dnos\u0165ami a z\u00e1kazn\u00edkmi.","og_url":"https:\/\/www.nirotech.sk\/sk\/agb\/","og_site_name":"Nirotech s.r.o.","article_modified_time":"2024-03-11T12:31:35+00:00","twitter_card":"summary_large_image","schema":{"@context":"https:\/\/schema.org","@graph":[{"@type":"WebPage","@id":"https:\/\/www.nirotech.sk\/sk\/agb\/","url":"https:\/\/www.nirotech.sk\/sk\/agb\/","name":"Nirotech s.r.o. - AGB","isPartOf":{"@id":"https:\/\/www.nirotech.sk\/sk\/#website"},"datePublished":"2021-11-05T17:02:37+00:00","dateModified":"2024-03-11T12:31:35+00:00","description":"Tieto v\u0161eobecn\u00e9 obchodn\u00e9 podmienky sa vz\u0165ahuj\u00fa v\u00fdlu\u010dne na obchodn\u00e9 vz\u0165ahy medzi spolo\u010dnos\u0165ami a z\u00e1kazn\u00edkmi.","breadcrumb":{"@id":"https:\/\/www.nirotech.sk\/sk\/agb\/#breadcrumb"},"inLanguage":"sk-SK","potentialAction":[{"@type":"ReadAction","target":["https:\/\/www.nirotech.sk\/sk\/agb\/"]}]},{"@type":"BreadcrumbList","@id":"https:\/\/www.nirotech.sk\/sk\/agb\/#breadcrumb","itemListElement":[{"@type":"ListItem","position":1,"name":"Startseite","item":"https:\/\/www.nirotech.sk\/sk\/domov\/"},{"@type":"ListItem","position":2,"name":"AGB"}]},{"@type":"WebSite","@id":"https:\/\/www.nirotech.sk\/sk\/#website","url":"https:\/\/www.nirotech.sk\/sk\/","name":"Nirotech s.r.o.","description":"Stainless Steel Manufacturing","publisher":{"@id":"https:\/\/www.nirotech.sk\/sk\/#organization"},"potentialAction":[{"@type":"SearchAction","target":{"@type":"EntryPoint","urlTemplate":"https:\/\/www.nirotech.sk\/sk\/?s={search_term_string}"},"query-input":{"@type":"PropertyValueSpecification","valueRequired":true,"valueName":"search_term_string"}}],"inLanguage":"sk-SK"},{"@type":"Organization","@id":"https:\/\/www.nirotech.sk\/sk\/#organization","name":"Nirotech s.r.o.","url":"https:\/\/www.nirotech.sk\/sk\/","logo":{"@type":"ImageObject","inLanguage":"sk-SK","@id":"https:\/\/www.nirotech.sk\/sk\/#\/schema\/logo\/image\/","url":"https:\/\/www.nirotech.sk\/wp-content\/uploads\/2025\/10\/NRT_Logo_Claim_SafeSpace_RGB-1-scaled.jpg","contentUrl":"https:\/\/www.nirotech.sk\/wp-content\/uploads\/2025\/10\/NRT_Logo_Claim_SafeSpace_RGB-1-scaled.jpg","width":2560,"height":772,"caption":"Nirotech s.r.o."},"image":{"@id":"https:\/\/www.nirotech.sk\/sk\/#\/schema\/logo\/image\/"}}]}},"_links":{"self":[{"href":"https:\/\/www.nirotech.sk\/sk\/wp-json\/wp\/v2\/pages\/1868","targetHints":{"allow":["GET"]}}],"collection":[{"href":"https:\/\/www.nirotech.sk\/sk\/wp-json\/wp\/v2\/pages"}],"about":[{"href":"https:\/\/www.nirotech.sk\/sk\/wp-json\/wp\/v2\/types\/page"}],"author":[{"embeddable":true,"href":"https:\/\/www.nirotech.sk\/sk\/wp-json\/wp\/v2\/users\/4"}],"replies":[{"embeddable":true,"href":"https:\/\/www.nirotech.sk\/sk\/wp-json\/wp\/v2\/comments?post=1868"}],"version-history":[{"count":1,"href":"https:\/\/www.nirotech.sk\/sk\/wp-json\/wp\/v2\/pages\/1868\/revisions"}],"predecessor-version":[{"id":4698,"href":"https:\/\/www.nirotech.sk\/sk\/wp-json\/wp\/v2\/pages\/1868\/revisions\/4698"}],"wp:attachment":[{"href":"https:\/\/www.nirotech.sk\/sk\/wp-json\/wp\/v2\/media?parent=1868"}],"curies":[{"name":"wp","href":"https:\/\/api.w.org\/{rel}","templated":true}]}}